{"id":26,"date":"2018-12-11T22:54:27","date_gmt":"2018-12-11T21:54:27","guid":{"rendered":"http:\/\/62.113.206.122\/wordpress\/?page_id=26"},"modified":"2025-06-26T23:45:30","modified_gmt":"2025-06-26T21:45:30","slug":"startseite","status":"publish","type":"page","link":"https:\/\/angelika-endres.de\/","title":{"rendered":"\u00dcber mich"},"content":{"rendered":"\t\t<div data-elementor-type=\"wp-page\" data-elementor-id=\"26\" class=\"elementor elementor-26\">\n\t\t\t\t<div class=\"elementor-element elementor-element-d997e24 e-flex e-con-boxed e-con e-parent\" data-id=\"d997e24\" data-element_type=\"container\">\n\t\t\t\t\t<div class=\"e-con-inner\">\n\t\t\t\t<div class=\"elementor-element elementor-element-367ac3a elementor-widget elementor-widget-text-editor\" data-id=\"367ac3a\" data-element_type=\"widget\" data-widget_type=\"text-editor.default\">\n\t\t\t\t<div class=\"elementor-widget-container\">\n\t\t\t\t\t\t\t\t\t<p>Ich habe Theaterwissenschaft, Kulturwissenschaft und Betriebswirtschaftslehre in M\u00fcnchen, Regensburg und C\u00f3rdoba (Spanien) studiert. 2018 absolvierte ich die postgraduale Weiterbildung&nbsp;<em>Kuratieren in den szenischen K\u00fcnsten<\/em> an der Paris-Lodron-Universit\u00e4t Salzburg in Kooperation mit der Ludwig-Maximilians-Universit\u00e4t M\u00fcnchen. Als wissenschaftliche Mitarbeiterin forschte ich im Rahmen des interdisziplin\u00e4ren DFG-Forschungsverbunds <em>Krisengef\u00fcge der K\u00fcnste<\/em> zu institutionellen Transformationsprozessen \u00f6ffentlich getragener Theater im Kontext von Legitimationsparadigmen und schloss 2025 meine Promotion zu programmatischen und strukturellen Ver\u00e4nderungen am Theater seit der Pandemie ab. Seit 2012 bin ich au\u00dferdem in den Bereichen Produktion und Vermittlung der darstellenden K\u00fcnste t\u00e4tig. Bei Fokus Tanz M\u00fcnchen arbeite ich derzeit als Projektleiterin f\u00fcr&nbsp;<em>explore dance&nbsp;\u2013 Netzwerk Tanz f\u00fcr junges Publikum<\/em>, wo meine Schwerpunkte auf Kommunikation und inhaltlich-strategischer Mitarbeit liegen. Seit 2024 bin ich Mitglied der Jury f\u00fcr freie Theaterf\u00f6rderung des M\u00fcnchner Kulturreferats.&nbsp;<\/p><p>Meine Website befindet sich derzeit im Umbau. Bald gibt es hier weitere Informationen zu meinen Projekten und Publikationen.&nbsp;<\/p>\t\t\t\t\t\t\t\t<\/div>\n\t\t\t\t<\/div>\n\t\t\t\t\t<\/div>\n\t\t\t\t<\/div>\n\t\t\t\t<\/div>\n\t\t","protected":false},"excerpt":{"rendered":"<p>Ich habe Theaterwissenschaft, Kulturwissenschaft und Betriebswirtschaftslehre in M\u00fcnchen, Regensburg und C\u00f3rdoba (Spanien) studiert. 2018 absolvierte ich die postgraduale Weiterbildung&nbsp;Kuratieren in den szenischen K\u00fcnsten an der Paris-Lodron-Universit\u00e4t Salzburg in Kooperation mit der Ludwig-Maximilians-Universit\u00e4t M\u00fcnchen. Als wissenschaftliche Mitarbeiterin forschte ich im Rahmen des interdisziplin\u00e4ren DFG-Forschungsverbunds Krisengef\u00fcge der K\u00fcnste zu institutionellen Transformationsprozessen \u00f6ffentlich getragener Theater im Kontext von &hellip; <\/p>\n<p class=\"link-more\"><a href=\"https:\/\/angelika-endres.de\/\" class=\"more-link\"><span class=\"screen-reader-text\">\u201e\u00dcber mich\u201c<\/span> weiterlesen<\/a><\/p>\n","protected":false},"author":1,"featured_media":73,"parent":0,"menu_order":4,"comment_status":"closed","ping_status":"closed","template":"elementor_header_footer","meta":{"footnotes":""},"class_list":["post-26","page","type-page","status-publish","has-post-thumbnail","hentry","entry"],"_links":{"self":[{"href":"https:\/\/angelika-endres.de\/index.php?rest_route=\/wp\/v2\/pages\/26","targetHints":{"allow":["GET"]}}],"collection":[{"href":"https:\/\/angelika-endres.de\/index.php?rest_route=\/wp\/v2\/pages"}],"about":[{"href":"https:\/\/angelika-endres.de\/index.php?rest_route=\/wp\/v2\/types\/page"}],"author":[{"embeddable":true,"href":"https:\/\/angelika-endres.de\/index.php?rest_route=\/wp\/v2\/users\/1"}],"replies":[{"embeddable":true,"href":"https:\/\/angelika-endres.de\/index.php?rest_route=%2Fwp%2Fv2%2Fcomments&post=26"}],"version-history":[{"count":332,"href":"https:\/\/angelika-endres.de\/index.php?rest_route=\/wp\/v2\/pages\/26\/revisions"}],"predecessor-version":[{"id":1537,"href":"https:\/\/angelika-endres.de\/index.php?rest_route=\/wp\/v2\/pages\/26\/revisions\/1537"}],"wp:featuredmedia":[{"embeddable":true,"href":"https:\/\/angelika-endres.de\/index.php?rest_route=\/wp\/v2\/media\/73"}],"wp:attachment":[{"href":"https:\/\/angelika-endres.de\/index.php?rest_route=%2Fwp%2Fv2%2Fmedia&parent=26"}],"curies":[{"name":"wp","href":"https:\/\/api.w.org\/{rel}","templated":true}]}}